{"id":5945,"date":"2025-11-05T11:46:55","date_gmt":"2025-11-05T11:46:55","guid":{"rendered":"https:\/\/smirnovashop.com\/?post_type=product&#038;p=5945"},"modified":"2026-03-27T14:30:48","modified_gmt":"2026-03-27T14:30:48","slug":"black-milk-embout-flamme-a-grain-bleu","status":"publish","type":"product","link":"https:\/\/smirnovashop.com\/ro\/product\/black-milk-embout-flamme-a-grain-bleu\/","title":{"rendered":"BLACK MILK | EMBOUT FLAMME \u00c0 GRAIN BLEU"},"content":{"rendered":"","protected":false},"excerpt":{"rendered":"<p>Con\u00e7u sp\u00e9cialement pour la manucure professionnelle.<\/p>","protected":false},"featured_media":5946,"template":"","meta":{"prwc_products":"","prwc_not_all_products_required":false,"prwc_not_bought_page":"","prwc_redirect_not_bought":false,"prwc_not_logged_in_page":"","prwc_redirect_not_logged_in":false,"prwc_timeout_days":0,"prwc_timeout_hours":0,"prwc_timeout_minutes":0,"prwc_timeout_seconds":0,"prwc_timeout_views":0,"_monsterinsights_skip_tracking":false,"_monsterinsights_sitenote_active":false,"_monsterinsights_sitenote_note":"","_monsterinsights_sitenote_category":0},"product_brand":[],"product_cat":[128],"product_tag":[],"class_list":{"0":"post-5945","1":"product","2":"type-product","3":"status-publish","4":"has-post-thumbnail","6":"product_cat-coupe","7":"entry","8":"has-media","10":"first","11":"instock","12":"taxable","13":"shipping-taxable","14":"purchasable","15":"product-type-variable","16":"col","17":"span_1_of_3","18":"wvn-content-left","19":"wvn-thumbs-layout-vertical","20":"wvn-btn-normal","21":"wvn-tabs-layout-horizontal","22":"has-no-thumbnails"},"yoast_head":"<!-- This site is optimized with the Yoast SEO plugin v26.6 - https:\/\/yoast.com\/wordpress\/plugins\/seo\/ -->\n<title>BLACK MILK | EMBOUT FLAMME \u00c0 GRAIN BLEU - Smirnova Shop<\/title>\n<meta name=\"robots\" content=\"index, follow, max-snippet:-1, max-image-preview:large, max-video-preview:-1\" \/>\n<link rel=\"canonical\" href=\"https:\/\/smirnovashop.com\/ro\/product\/black-milk-embout-flamme-a-grain-bleu\/\" \/>\n<meta property=\"og:locale\" content=\"ro_RO\" \/>\n<meta property=\"og:type\" content=\"article\" \/>\n<meta property=\"og:title\" content=\"BLACK MILK | EMBOUT FLAMME \u00c0 GRAIN BLEU - Smirnova Shop\" \/>\n<meta property=\"og:description\" content=\"Con\u00e7u sp\u00e9cialement pour la manucure professionnelle.\" \/>\n<meta property=\"og:url\" content=\"https:\/\/smirnovashop.com\/ro\/product\/black-milk-embout-flamme-a-grain-bleu\/\" \/>\n<meta property=\"og:site_name\" content=\"Smirnova Shop\" \/>\n<meta property=\"article:modified_time\" content=\"2026-03-27T14:30:48+00:00\" \/>\n<meta property=\"og:image\" content=\"https:\/\/smirnovashop.com\/wp-content\/uploads\/2025\/11\/\u0424\u0440\u0430\u043d\u0446\u0443\u0437\u0441\u043a\u0438\u0439-8.png\" \/>\n\t<meta property=\"og:image:width\" content=\"1080\" \/>\n\t<meta property=\"og:image:height\" content=\"1350\" \/>\n\t<meta property=\"og:image:type\" content=\"image\/png\" \/>\n<meta name=\"twitter:card\" content=\"summary_large_image\" \/>\n<script type=\"application\/ld+json\" class=\"yoast-schema-graph\">{\"@context\":\"https:\/\/schema.org\",\"@graph\":[{\"@type\":\"WebPage\",\"@id\":\"https:\/\/smirnovashop.com\/product\/black-milk-embout-flamme-a-grain-bleu\/\",\"url\":\"https:\/\/smirnovashop.com\/product\/black-milk-embout-flamme-a-grain-bleu\/\",\"name\":\"BLACK MILK | EMBOUT FLAMME \u00c0 GRAIN BLEU - Smirnova Shop\",\"isPartOf\":{\"@id\":\"https:\/\/smirnovashop.com\/ro\/#website\"},\"primaryImageOfPage\":{\"@id\":\"https:\/\/smirnovashop.com\/product\/black-milk-embout-flamme-a-grain-bleu\/#primaryimage\"},\"image\":{\"@id\":\"https:\/\/smirnovashop.com\/product\/black-milk-embout-flamme-a-grain-bleu\/#primaryimage\"},\"thumbnailUrl\":\"https:\/\/smirnovashop.com\/wp-content\/uploads\/2025\/11\/\u0424\u0440\u0430\u043d\u0446\u0443\u0437\u0441\u043a\u0438\u0439-8.png\",\"datePublished\":\"2025-11-05T11:46:55+00:00\",\"dateModified\":\"2026-03-27T14:30:48+00:00\",\"breadcrumb\":{\"@id\":\"https:\/\/smirnovashop.com\/product\/black-milk-embout-flamme-a-grain-bleu\/#breadcrumb\"},\"inLanguage\":\"ro-RO\",\"potentialAction\":[{\"@type\":\"ReadAction\",\"target\":[\"https:\/\/smirnovashop.com\/product\/black-milk-embout-flamme-a-grain-bleu\/\"]}]},{\"@type\":\"ImageObject\",\"inLanguage\":\"ro-RO\",\"@id\":\"https:\/\/smirnovashop.com\/product\/black-milk-embout-flamme-a-grain-bleu\/#primaryimage\",\"url\":\"https:\/\/smirnovashop.com\/wp-content\/uploads\/2025\/11\/\u0424\u0440\u0430\u043d\u0446\u0443\u0437\u0441\u043a\u0438\u0439-8.png\",\"contentUrl\":\"https:\/\/smirnovashop.com\/wp-content\/uploads\/2025\/11\/\u0424\u0440\u0430\u043d\u0446\u0443\u0437\u0441\u043a\u0438\u0439-8.png\",\"width\":1080,\"height\":1350},{\"@type\":\"BreadcrumbList\",\"@id\":\"https:\/\/smirnovashop.com\/product\/black-milk-embout-flamme-a-grain-bleu\/#breadcrumb\",\"itemListElement\":[{\"@type\":\"ListItem\",\"position\":1,\"name\":\"Home\",\"item\":\"https:\/\/smirnovashop.com\/ro\/\"},{\"@type\":\"ListItem\",\"position\":2,\"name\":\"Shop\",\"item\":\"https:\/\/smirnovashop.com\/ro\/shop\/\"},{\"@type\":\"ListItem\",\"position\":3,\"name\":\"BLACK MILK | EMBOUT FLAMME \u00c0 GRAIN BLEU\"}]},{\"@type\":\"WebSite\",\"@id\":\"https:\/\/smirnovashop.com\/ro\/#website\",\"url\":\"https:\/\/smirnovashop.com\/ro\/\",\"name\":\"Smirnova Shop\",\"description\":\"\",\"publisher\":{\"@id\":\"https:\/\/smirnovashop.com\/ro\/#organization\"},\"potentialAction\":[{\"@type\":\"SearchAction\",\"target\":{\"@type\":\"EntryPoint\",\"urlTemplate\":\"https:\/\/smirnovashop.com\/ro\/?s={search_term_string}\"},\"query-input\":{\"@type\":\"PropertyValueSpecification\",\"valueRequired\":true,\"valueName\":\"search_term_string\"}}],\"inLanguage\":\"ro-RO\"},{\"@type\":\"Organization\",\"@id\":\"https:\/\/smirnovashop.com\/ro\/#organization\",\"name\":\"Smirnova Shop\",\"url\":\"https:\/\/smirnovashop.com\/ro\/\",\"logo\":{\"@type\":\"ImageObject\",\"inLanguage\":\"ro-RO\",\"@id\":\"https:\/\/smirnovashop.com\/ro\/#\/schema\/logo\/image\/\",\"url\":\"https:\/\/smirnovashop.com\/wp-content\/uploads\/2024\/07\/logo-smirnova-shop.png\",\"contentUrl\":\"https:\/\/smirnovashop.com\/wp-content\/uploads\/2024\/07\/logo-smirnova-shop.png\",\"width\":1106,\"height\":200,\"caption\":\"Smirnova Shop\"},\"image\":{\"@id\":\"https:\/\/smirnovashop.com\/ro\/#\/schema\/logo\/image\/\"},\"sameAs\":[\"https:\/\/www.instagram.com\/black_milk_fr?igsh=amlnYWFvaXdvcnp4\"]}]}<\/script>\n<!-- \/ Yoast SEO plugin. -->","yoast_head_json":{"title":"BLACK MILK | EMBOUT FLAMME \u00c0 GRAIN BLEU - Smirnova Shop","robots":{"index":"index","follow":"follow","max-snippet":"max-snippet:-1","max-image-preview":"max-image-preview:large","max-video-preview":"max-video-preview:-1"},"canonical":"https:\/\/smirnovashop.com\/ro\/product\/black-milk-embout-flamme-a-grain-bleu\/","og_locale":"ro_RO","og_type":"article","og_title":"BLACK MILK | EMBOUT FLAMME \u00c0 GRAIN BLEU - Smirnova Shop","og_description":"Con\u00e7u sp\u00e9cialement pour la manucure professionnelle.","og_url":"https:\/\/smirnovashop.com\/ro\/product\/black-milk-embout-flamme-a-grain-bleu\/","og_site_name":"Smirnova Shop","article_modified_time":"2026-03-27T14:30:48+00:00","og_image":[{"width":1080,"height":1350,"url":"https:\/\/smirnovashop.com\/wp-content\/uploads\/2025\/11\/\u0424\u0440\u0430\u043d\u0446\u0443\u0437\u0441\u043a\u0438\u0439-8.png","type":"image\/png"}],"twitter_card":"summary_large_image","schema":{"@context":"https:\/\/schema.org","@graph":[{"@type":"WebPage","@id":"https:\/\/smirnovashop.com\/product\/black-milk-embout-flamme-a-grain-bleu\/","url":"https:\/\/smirnovashop.com\/product\/black-milk-embout-flamme-a-grain-bleu\/","name":"BLACK MILK | EMBOUT FLAMME \u00c0 GRAIN BLEU - Smirnova Shop","isPartOf":{"@id":"https:\/\/smirnovashop.com\/ro\/#website"},"primaryImageOfPage":{"@id":"https:\/\/smirnovashop.com\/product\/black-milk-embout-flamme-a-grain-bleu\/#primaryimage"},"image":{"@id":"https:\/\/smirnovashop.com\/product\/black-milk-embout-flamme-a-grain-bleu\/#primaryimage"},"thumbnailUrl":"https:\/\/smirnovashop.com\/wp-content\/uploads\/2025\/11\/\u0424\u0440\u0430\u043d\u0446\u0443\u0437\u0441\u043a\u0438\u0439-8.png","datePublished":"2025-11-05T11:46:55+00:00","dateModified":"2026-03-27T14:30:48+00:00","breadcrumb":{"@id":"https:\/\/smirnovashop.com\/product\/black-milk-embout-flamme-a-grain-bleu\/#breadcrumb"},"inLanguage":"ro-RO","potentialAction":[{"@type":"ReadAction","target":["https:\/\/smirnovashop.com\/product\/black-milk-embout-flamme-a-grain-bleu\/"]}]},{"@type":"ImageObject","inLanguage":"ro-RO","@id":"https:\/\/smirnovashop.com\/product\/black-milk-embout-flamme-a-grain-bleu\/#primaryimage","url":"https:\/\/smirnovashop.com\/wp-content\/uploads\/2025\/11\/\u0424\u0440\u0430\u043d\u0446\u0443\u0437\u0441\u043a\u0438\u0439-8.png","contentUrl":"https:\/\/smirnovashop.com\/wp-content\/uploads\/2025\/11\/\u0424\u0440\u0430\u043d\u0446\u0443\u0437\u0441\u043a\u0438\u0439-8.png","width":1080,"height":1350},{"@type":"BreadcrumbList","@id":"https:\/\/smirnovashop.com\/product\/black-milk-embout-flamme-a-grain-bleu\/#breadcrumb","itemListElement":[{"@type":"ListItem","position":1,"name":"Home","item":"https:\/\/smirnovashop.com\/ro\/"},{"@type":"ListItem","position":2,"name":"Shop","item":"https:\/\/smirnovashop.com\/ro\/shop\/"},{"@type":"ListItem","position":3,"name":"BLACK MILK | EMBOUT FLAMME \u00c0 GRAIN BLEU"}]},{"@type":"WebSite","@id":"https:\/\/smirnovashop.com\/ro\/#website","url":"https:\/\/smirnovashop.com\/ro\/","name":"Magazinul Smirnova","description":"","publisher":{"@id":"https:\/\/smirnovashop.com\/ro\/#organization"},"potentialAction":[{"@type":"SearchAction","target":{"@type":"EntryPoint","urlTemplate":"https:\/\/smirnovashop.com\/ro\/?s={search_term_string}"},"query-input":{"@type":"PropertyValueSpecification","valueRequired":true,"valueName":"search_term_string"}}],"inLanguage":"ro-RO"},{"@type":"Organization","@id":"https:\/\/smirnovashop.com\/ro\/#organization","name":"Magazinul Smirnova","url":"https:\/\/smirnovashop.com\/ro\/","logo":{"@type":"ImageObject","inLanguage":"ro-RO","@id":"https:\/\/smirnovashop.com\/ro\/#\/schema\/logo\/image\/","url":"https:\/\/smirnovashop.com\/wp-content\/uploads\/2024\/07\/logo-smirnova-shop.png","contentUrl":"https:\/\/smirnovashop.com\/wp-content\/uploads\/2024\/07\/logo-smirnova-shop.png","width":1106,"height":200,"caption":"Smirnova Shop"},"image":{"@id":"https:\/\/smirnovashop.com\/ro\/#\/schema\/logo\/image\/"},"sameAs":["https:\/\/www.instagram.com\/black_milk_fr?igsh=amlnYWFvaXdvcnp4"]}]}},"jetpack_sharing_enabled":true,"_links":{"self":[{"href":"https:\/\/smirnovashop.com\/ro\/wp-json\/wp\/v2\/product\/5945","targetHints":{"allow":["GET"]}}],"collection":[{"href":"https:\/\/smirnovashop.com\/ro\/wp-json\/wp\/v2\/product"}],"about":[{"href":"https:\/\/smirnovashop.com\/ro\/wp-json\/wp\/v2\/types\/product"}],"version-history":[{"count":1,"href":"https:\/\/smirnovashop.com\/ro\/wp-json\/wp\/v2\/product\/5945\/revisions"}],"predecessor-version":[{"id":5950,"href":"https:\/\/smirnovashop.com\/ro\/wp-json\/wp\/v2\/product\/5945\/revisions\/5950"}],"wp:featuredmedia":[{"embeddable":true,"href":"https:\/\/smirnovashop.com\/ro\/wp-json\/wp\/v2\/media\/5946"}],"wp:attachment":[{"href":"https:\/\/smirnovashop.com\/ro\/wp-json\/wp\/v2\/media?parent=5945"}],"wp:term":[{"taxonomy":"product_brand","embeddable":true,"href":"https:\/\/smirnovashop.com\/ro\/wp-json\/wp\/v2\/product_brand?post=5945"},{"taxonomy":"product_cat","embeddable":true,"href":"https:\/\/smirnovashop.com\/ro\/wp-json\/wp\/v2\/product_cat?post=5945"},{"taxonomy":"product_tag","embeddable":true,"href":"https:\/\/smirnovashop.com\/ro\/wp-json\/wp\/v2\/product_tag?post=5945"}],"curies":[{"name":"wp","href":"https:\/\/api.w.org\/{rel}","templated":true}]}}