{"id":3398,"date":"2024-11-18T14:51:50","date_gmt":"2024-11-18T14:51:50","guid":{"rendered":"http:\/\/smirnovashop.com\/?post_type=product&#038;p=3398"},"modified":"2025-11-05T06:43:21","modified_gmt":"2025-11-05T06:43:21","slug":"manucure-a-la-cire","status":"publish","type":"product","link":"https:\/\/smirnovashop.com\/ro\/product\/manucure-a-la-cire\/","title":{"rendered":"Manichiur\u0103 cu cear\u0103"},"content":{"rendered":"","protected":false},"excerpt":{"rendered":"<p>Cea mai legendar\u0103 tehnic\u0103 de manichiur\u0103 ruseasc\u0103 + Pop It<br \/>\nCadou: cear\u0103 \u0219i t\u0103ietor pentru a efectua tehnica<\/p>","protected":false},"featured_media":3449,"template":"","meta":{"prwc_products":"","prwc_not_all_products_required":false,"prwc_not_bought_page":"","prwc_redirect_not_bought":false,"prwc_not_logged_in_page":"","prwc_redirect_not_logged_in":false,"prwc_timeout_days":0,"prwc_timeout_hours":0,"prwc_timeout_minutes":0,"prwc_timeout_seconds":0,"prwc_timeout_views":0,"_monsterinsights_skip_tracking":false,"_monsterinsights_sitenote_active":false,"_monsterinsights_sitenote_note":"","_monsterinsights_sitenote_category":0},"product_brand":[],"product_cat":[43],"product_tag":[],"class_list":{"0":"post-3398","1":"product","2":"type-product","3":"status-publish","4":"has-post-thumbnail","6":"product_cat-cours-en-ligne","7":"entry","8":"has-media","10":"first","11":"instock","12":"downloadable","13":"virtual","14":"taxable","15":"purchasable","16":"product-type-simple","17":"col","18":"span_1_of_3","19":"wvn-content-left","20":"wvn-thumbs-layout-vertical","21":"wvn-btn-normal","22":"wvn-tabs-layout-horizontal","23":"has-no-thumbnails"},"yoast_head":"<!-- This site is optimized with the Yoast SEO plugin v26.6 - https:\/\/yoast.com\/wordpress\/plugins\/seo\/ -->\n<title>Manucure \u00e0 la cire - Smirnova Shop<\/title>\n<meta name=\"robots\" content=\"index, follow, max-snippet:-1, max-image-preview:large, max-video-preview:-1\" \/>\n<link rel=\"canonical\" href=\"https:\/\/smirnovashop.com\/ro\/product\/manucure-a-la-cire\/\" \/>\n<meta property=\"og:locale\" content=\"ro_RO\" \/>\n<meta property=\"og:type\" content=\"article\" \/>\n<meta property=\"og:title\" content=\"Manucure \u00e0 la cire - Smirnova Shop\" \/>\n<meta property=\"og:description\" content=\"La technique de manucure russe la plus l\u00e9gendaire + Pop It Cadeau : cire et cutter pour r\u00e9aliser la technique\" \/>\n<meta property=\"og:url\" content=\"https:\/\/smirnovashop.com\/ro\/product\/manucure-a-la-cire\/\" \/>\n<meta property=\"og:site_name\" content=\"Smirnova Shop\" \/>\n<meta property=\"article:modified_time\" content=\"2025-11-05T06:43:21+00:00\" \/>\n<meta property=\"og:image\" content=\"https:\/\/smirnovashop.com\/wp-content\/uploads\/2024\/11\/WhatsApp-Image-2024-11-19-at-10.53.31.jpeg\" \/>\n\t<meta property=\"og:image:width\" content=\"1536\" \/>\n\t<meta property=\"og:image:height\" content=\"2048\" \/>\n\t<meta property=\"og:image:type\" content=\"image\/jpeg\" \/>\n<meta name=\"twitter:card\" content=\"summary_large_image\" \/>\n<script type=\"application\/ld+json\" class=\"yoast-schema-graph\">{\"@context\":\"https:\/\/schema.org\",\"@graph\":[{\"@type\":\"WebPage\",\"@id\":\"https:\/\/smirnovashop.com\/product\/manucure-a-la-cire\/\",\"url\":\"https:\/\/smirnovashop.com\/product\/manucure-a-la-cire\/\",\"name\":\"Manucure \u00e0 la cire - Smirnova Shop\",\"isPartOf\":{\"@id\":\"https:\/\/smirnovashop.com\/#website\"},\"primaryImageOfPage\":{\"@id\":\"https:\/\/smirnovashop.com\/product\/manucure-a-la-cire\/#primaryimage\"},\"image\":{\"@id\":\"https:\/\/smirnovashop.com\/product\/manucure-a-la-cire\/#primaryimage\"},\"thumbnailUrl\":\"https:\/\/smirnovashop.com\/wp-content\/uploads\/2024\/11\/WhatsApp-Image-2024-11-19-at-10.53.31.jpeg\",\"datePublished\":\"2024-11-18T14:51:50+00:00\",\"dateModified\":\"2025-11-05T06:43:21+00:00\",\"breadcrumb\":{\"@id\":\"https:\/\/smirnovashop.com\/product\/manucure-a-la-cire\/#breadcrumb\"},\"inLanguage\":\"ro-RO\",\"potentialAction\":[{\"@type\":\"ReadAction\",\"target\":[\"https:\/\/smirnovashop.com\/product\/manucure-a-la-cire\/\"]}]},{\"@type\":\"ImageObject\",\"inLanguage\":\"ro-RO\",\"@id\":\"https:\/\/smirnovashop.com\/product\/manucure-a-la-cire\/#primaryimage\",\"url\":\"https:\/\/smirnovashop.com\/wp-content\/uploads\/2024\/11\/WhatsApp-Image-2024-11-19-at-10.53.31.jpeg\",\"contentUrl\":\"https:\/\/smirnovashop.com\/wp-content\/uploads\/2024\/11\/WhatsApp-Image-2024-11-19-at-10.53.31.jpeg\",\"width\":1536,\"height\":2048},{\"@type\":\"BreadcrumbList\",\"@id\":\"https:\/\/smirnovashop.com\/product\/manucure-a-la-cire\/#breadcrumb\",\"itemListElement\":[{\"@type\":\"ListItem\",\"position\":1,\"name\":\"Home\",\"item\":\"https:\/\/smirnovashop.com\/\"},{\"@type\":\"ListItem\",\"position\":2,\"name\":\"Shop\",\"item\":\"http:\/\/smirnovashop.com\/ro\/shop\/\"},{\"@type\":\"ListItem\",\"position\":3,\"name\":\"Manucure \u00e0 la cire\"}]},{\"@type\":\"WebSite\",\"@id\":\"https:\/\/smirnovashop.com\/#website\",\"url\":\"https:\/\/smirnovashop.com\/\",\"name\":\"Smirnova Shop\",\"description\":\"\",\"publisher\":{\"@id\":\"https:\/\/smirnovashop.com\/#organization\"},\"potentialAction\":[{\"@type\":\"SearchAction\",\"target\":{\"@type\":\"EntryPoint\",\"urlTemplate\":\"https:\/\/smirnovashop.com\/?s={search_term_string}\"},\"query-input\":{\"@type\":\"PropertyValueSpecification\",\"valueRequired\":true,\"valueName\":\"search_term_string\"}}],\"inLanguage\":\"ro-RO\"},{\"@type\":\"Organization\",\"@id\":\"https:\/\/smirnovashop.com\/#organization\",\"name\":\"Smirnova Shop\",\"url\":\"https:\/\/smirnovashop.com\/\",\"logo\":{\"@type\":\"ImageObject\",\"inLanguage\":\"ro-RO\",\"@id\":\"https:\/\/smirnovashop.com\/#\/schema\/logo\/image\/\",\"url\":\"https:\/\/smirnovashop.com\/wp-content\/uploads\/2024\/07\/logo-smirnova-shop.png\",\"contentUrl\":\"https:\/\/smirnovashop.com\/wp-content\/uploads\/2024\/07\/logo-smirnova-shop.png\",\"width\":1106,\"height\":200,\"caption\":\"Smirnova Shop\"},\"image\":{\"@id\":\"https:\/\/smirnovashop.com\/#\/schema\/logo\/image\/\"},\"sameAs\":[\"https:\/\/www.instagram.com\/black_milk_fr?igsh=amlnYWFvaXdvcnp4\"]}]}<\/script>\n<!-- \/ Yoast SEO plugin. -->","yoast_head_json":{"title":"Manucure \u00e0 la cire - Smirnova Shop","robots":{"index":"index","follow":"follow","max-snippet":"max-snippet:-1","max-image-preview":"max-image-preview:large","max-video-preview":"max-video-preview:-1"},"canonical":"https:\/\/smirnovashop.com\/ro\/product\/manucure-a-la-cire\/","og_locale":"ro_RO","og_type":"article","og_title":"Manucure \u00e0 la cire - Smirnova Shop","og_description":"La technique de manucure russe la plus l\u00e9gendaire + Pop It Cadeau : cire et cutter pour r\u00e9aliser la technique","og_url":"https:\/\/smirnovashop.com\/ro\/product\/manucure-a-la-cire\/","og_site_name":"Smirnova Shop","article_modified_time":"2025-11-05T06:43:21+00:00","og_image":[{"width":1536,"height":2048,"url":"https:\/\/smirnovashop.com\/wp-content\/uploads\/2024\/11\/WhatsApp-Image-2024-11-19-at-10.53.31.jpeg","type":"image\/jpeg"}],"twitter_card":"summary_large_image","schema":{"@context":"https:\/\/schema.org","@graph":[{"@type":"WebPage","@id":"https:\/\/smirnovashop.com\/product\/manucure-a-la-cire\/","url":"https:\/\/smirnovashop.com\/product\/manucure-a-la-cire\/","name":"Manucure \u00e0 la cire - Smirnova Shop","isPartOf":{"@id":"https:\/\/smirnovashop.com\/#website"},"primaryImageOfPage":{"@id":"https:\/\/smirnovashop.com\/product\/manucure-a-la-cire\/#primaryimage"},"image":{"@id":"https:\/\/smirnovashop.com\/product\/manucure-a-la-cire\/#primaryimage"},"thumbnailUrl":"https:\/\/smirnovashop.com\/wp-content\/uploads\/2024\/11\/WhatsApp-Image-2024-11-19-at-10.53.31.jpeg","datePublished":"2024-11-18T14:51:50+00:00","dateModified":"2025-11-05T06:43:21+00:00","breadcrumb":{"@id":"https:\/\/smirnovashop.com\/product\/manucure-a-la-cire\/#breadcrumb"},"inLanguage":"ro-RO","potentialAction":[{"@type":"ReadAction","target":["https:\/\/smirnovashop.com\/product\/manucure-a-la-cire\/"]}]},{"@type":"ImageObject","inLanguage":"ro-RO","@id":"https:\/\/smirnovashop.com\/product\/manucure-a-la-cire\/#primaryimage","url":"https:\/\/smirnovashop.com\/wp-content\/uploads\/2024\/11\/WhatsApp-Image-2024-11-19-at-10.53.31.jpeg","contentUrl":"https:\/\/smirnovashop.com\/wp-content\/uploads\/2024\/11\/WhatsApp-Image-2024-11-19-at-10.53.31.jpeg","width":1536,"height":2048},{"@type":"BreadcrumbList","@id":"https:\/\/smirnovashop.com\/product\/manucure-a-la-cire\/#breadcrumb","itemListElement":[{"@type":"ListItem","position":1,"name":"Home","item":"https:\/\/smirnovashop.com\/"},{"@type":"ListItem","position":2,"name":"Shop","item":"http:\/\/smirnovashop.com\/ro\/shop\/"},{"@type":"ListItem","position":3,"name":"Manucure \u00e0 la cire"}]},{"@type":"WebSite","@id":"https:\/\/smirnovashop.com\/#website","url":"https:\/\/smirnovashop.com\/","name":"Magazinul Smirnova","description":"","publisher":{"@id":"https:\/\/smirnovashop.com\/#organization"},"potentialAction":[{"@type":"SearchAction","target":{"@type":"EntryPoint","urlTemplate":"https:\/\/smirnovashop.com\/?s={search_term_string}"},"query-input":{"@type":"PropertyValueSpecification","valueRequired":true,"valueName":"search_term_string"}}],"inLanguage":"ro-RO"},{"@type":"Organization","@id":"https:\/\/smirnovashop.com\/#organization","name":"Magazinul Smirnova","url":"https:\/\/smirnovashop.com\/","logo":{"@type":"ImageObject","inLanguage":"ro-RO","@id":"https:\/\/smirnovashop.com\/#\/schema\/logo\/image\/","url":"https:\/\/smirnovashop.com\/wp-content\/uploads\/2024\/07\/logo-smirnova-shop.png","contentUrl":"https:\/\/smirnovashop.com\/wp-content\/uploads\/2024\/07\/logo-smirnova-shop.png","width":1106,"height":200,"caption":"Smirnova Shop"},"image":{"@id":"https:\/\/smirnovashop.com\/#\/schema\/logo\/image\/"},"sameAs":["https:\/\/www.instagram.com\/black_milk_fr?igsh=amlnYWFvaXdvcnp4"]}]}},"jetpack_sharing_enabled":true,"_links":{"self":[{"href":"https:\/\/smirnovashop.com\/ro\/wp-json\/wp\/v2\/product\/3398","targetHints":{"allow":["GET"]}}],"collection":[{"href":"https:\/\/smirnovashop.com\/ro\/wp-json\/wp\/v2\/product"}],"about":[{"href":"https:\/\/smirnovashop.com\/ro\/wp-json\/wp\/v2\/types\/product"}],"version-history":[{"count":2,"href":"https:\/\/smirnovashop.com\/ro\/wp-json\/wp\/v2\/product\/3398\/revisions"}],"predecessor-version":[{"id":3400,"href":"https:\/\/smirnovashop.com\/ro\/wp-json\/wp\/v2\/product\/3398\/revisions\/3400"}],"wp:featuredmedia":[{"embeddable":true,"href":"https:\/\/smirnovashop.com\/ro\/wp-json\/wp\/v2\/media\/3449"}],"wp:attachment":[{"href":"https:\/\/smirnovashop.com\/ro\/wp-json\/wp\/v2\/media?parent=3398"}],"wp:term":[{"taxonomy":"product_brand","embeddable":true,"href":"https:\/\/smirnovashop.com\/ro\/wp-json\/wp\/v2\/product_brand?post=3398"},{"taxonomy":"product_cat","embeddable":true,"href":"https:\/\/smirnovashop.com\/ro\/wp-json\/wp\/v2\/product_cat?post=3398"},{"taxonomy":"product_tag","embeddable":true,"href":"https:\/\/smirnovashop.com\/ro\/wp-json\/wp\/v2\/product_tag?post=3398"}],"curies":[{"name":"wp","href":"https:\/\/api.w.org\/{rel}","templated":true}]}}