{"id":6238,"date":"2025-11-22T11:21:19","date_gmt":"2025-11-22T11:21:19","guid":{"rendered":"https:\/\/smirnovashop.com\/?post_type=product&#038;p=6238"},"modified":"2025-11-29T12:35:47","modified_gmt":"2025-11-29T12:35:47","slug":"bare-rose","status":"publish","type":"product","link":"https:\/\/smirnovashop.com\/en\/product\/bare-rose\/","title":{"rendered":"Bare Rose"},"content":{"rendered":"<p>COREX is an innovative, next-generation builder gel created for professionals<br \/>\nwho are looking for stability, versatility and working comfort.<br \/>\nIt adapts perfectly to all techniques:<br \/>\n\u2013 extension on stencils or capsules<br \/>\n\u2013 construction and architecture of the nail<br \/>\n\u2013 strengthening and leveling of the natural plate<br \/>\n\u2013 no file technique and work with upper forms<\/p>","protected":false},"excerpt":{"rendered":"<p>Capacity: 30 ml<br \/>\nMade in: France<br \/>\n\u26a0\ufe0f Caution: Stir well before use. Store at room temperature, away from<br \/>\ndirect sunlight.<\/p>","protected":false},"featured_media":6239,"template":"","meta":{"prwc_products":"","prwc_not_all_products_required":false,"prwc_not_bought_page":"","prwc_redirect_not_bought":false,"prwc_not_logged_in_page":"","prwc_redirect_not_logged_in":false,"prwc_timeout_days":0,"prwc_timeout_hours":0,"prwc_timeout_minutes":0,"prwc_timeout_seconds":0,"prwc_timeout_views":0,"_monsterinsights_skip_tracking":false,"_monsterinsights_sitenote_active":false,"_monsterinsights_sitenote_note":"","_monsterinsights_sitenote_category":0},"product_brand":[],"product_cat":[39],"product_tag":[],"class_list":{"0":"post-6238","1":"product","2":"type-product","3":"status-publish","4":"has-post-thumbnail","6":"product_cat-gel","7":"entry","8":"has-media","10":"first","11":"instock","12":"taxable","13":"shipping-taxable","14":"purchasable","15":"product-type-simple","16":"col","17":"span_1_of_3","18":"wvn-content-left","19":"wvn-thumbs-layout-vertical","20":"wvn-btn-normal","21":"wvn-tabs-layout-horizontal","22":"has-no-thumbnails"},"yoast_head":"<!-- This site is optimized with the Yoast SEO plugin v26.6 - https:\/\/yoast.com\/wordpress\/plugins\/seo\/ -->\n<title>Bare Rose - Smirnova Shop<\/title>\n<meta name=\"robots\" content=\"index, follow, max-snippet:-1, max-image-preview:large, max-video-preview:-1\" \/>\n<link rel=\"canonical\" href=\"https:\/\/smirnovashop.com\/en\/product\/bare-rose\/\" \/>\n<meta property=\"og:locale\" content=\"en_US\" \/>\n<meta property=\"og:type\" content=\"article\" \/>\n<meta property=\"og:title\" content=\"Bare Rose - Smirnova Shop\" \/>\n<meta property=\"og:description\" content=\"Contenance : 30 ml Fabrication : France \u26a0\ufe0f Attention : Bien m\u00e9langer avant utilisation. Conserver \u00e0 temp\u00e9rature ambiante, \u00e0 l\u2019abri de la lumi\u00e8re directe du soleil.\" \/>\n<meta property=\"og:url\" content=\"https:\/\/smirnovashop.com\/en\/product\/bare-rose\/\" \/>\n<meta property=\"og:site_name\" content=\"Smirnova Shop\" \/>\n<meta property=\"article:modified_time\" content=\"2025-11-29T12:35:47+00:00\" \/>\n<meta property=\"og:image\" content=\"https:\/\/smirnovashop.com\/wp-content\/uploads\/2025\/11\/Bare-Rose.png\" \/>\n\t<meta property=\"og:image:width\" content=\"1200\" \/>\n\t<meta property=\"og:image:height\" content=\"1697\" \/>\n\t<meta property=\"og:image:type\" content=\"image\/png\" \/>\n<meta name=\"twitter:card\" content=\"summary_large_image\" \/>\n<meta name=\"twitter:label1\" content=\"Est. reading time\" \/>\n\t<meta name=\"twitter:data1\" content=\"1 minute\" \/>\n<script type=\"application\/ld+json\" class=\"yoast-schema-graph\">{\"@context\":\"https:\/\/schema.org\",\"@graph\":[{\"@type\":\"WebPage\",\"@id\":\"https:\/\/smirnovashop.com\/en\/product\/bare-rose\/\",\"url\":\"https:\/\/smirnovashop.com\/en\/product\/bare-rose\/\",\"name\":\"Bare Rose - Smirnova Shop\",\"isPartOf\":{\"@id\":\"https:\/\/smirnovashop.com\/ro\/#website\"},\"primaryImageOfPage\":{\"@id\":\"https:\/\/smirnovashop.com\/en\/product\/bare-rose\/#primaryimage\"},\"image\":{\"@id\":\"https:\/\/smirnovashop.com\/en\/product\/bare-rose\/#primaryimage\"},\"thumbnailUrl\":\"https:\/\/smirnovashop.com\/wp-content\/uploads\/2025\/11\/Bare-Rose.png\",\"datePublished\":\"2025-11-22T11:21:19+00:00\",\"dateModified\":\"2025-11-29T12:35:47+00:00\",\"breadcrumb\":{\"@id\":\"https:\/\/smirnovashop.com\/en\/product\/bare-rose\/#breadcrumb\"},\"inLanguage\":\"en-US\",\"potentialAction\":[{\"@type\":\"ReadAction\",\"target\":[\"https:\/\/smirnovashop.com\/en\/product\/bare-rose\/\"]}]},{\"@type\":\"ImageObject\",\"inLanguage\":\"en-US\",\"@id\":\"https:\/\/smirnovashop.com\/en\/product\/bare-rose\/#primaryimage\",\"url\":\"https:\/\/smirnovashop.com\/wp-content\/uploads\/2025\/11\/Bare-Rose.png\",\"contentUrl\":\"https:\/\/smirnovashop.com\/wp-content\/uploads\/2025\/11\/Bare-Rose.png\",\"width\":1414,\"height\":2000},{\"@type\":\"BreadcrumbList\",\"@id\":\"https:\/\/smirnovashop.com\/en\/product\/bare-rose\/#breadcrumb\",\"itemListElement\":[{\"@type\":\"ListItem\",\"position\":1,\"name\":\"Home\",\"item\":\"https:\/\/smirnovashop.com\/ro\/\"},{\"@type\":\"ListItem\",\"position\":2,\"name\":\"Shop\",\"item\":\"https:\/\/smirnovashop.com\/ro\/shop\/\"},{\"@type\":\"ListItem\",\"position\":3,\"name\":\"Bare Rose\"}]},{\"@type\":\"WebSite\",\"@id\":\"https:\/\/smirnovashop.com\/ro\/#website\",\"url\":\"https:\/\/smirnovashop.com\/ro\/\",\"name\":\"Smirnova Shop\",\"description\":\"\",\"publisher\":{\"@id\":\"https:\/\/smirnovashop.com\/ro\/#organization\"},\"potentialAction\":[{\"@type\":\"SearchAction\",\"target\":{\"@type\":\"EntryPoint\",\"urlTemplate\":\"https:\/\/smirnovashop.com\/ro\/?s={search_term_string}\"},\"query-input\":{\"@type\":\"PropertyValueSpecification\",\"valueRequired\":true,\"valueName\":\"search_term_string\"}}],\"inLanguage\":\"en-US\"},{\"@type\":\"Organization\",\"@id\":\"https:\/\/smirnovashop.com\/ro\/#organization\",\"name\":\"Smirnova Shop\",\"url\":\"https:\/\/smirnovashop.com\/ro\/\",\"logo\":{\"@type\":\"ImageObject\",\"inLanguage\":\"en-US\",\"@id\":\"https:\/\/smirnovashop.com\/ro\/#\/schema\/logo\/image\/\",\"url\":\"https:\/\/smirnovashop.com\/wp-content\/uploads\/2024\/07\/logo-smirnova-shop.png\",\"contentUrl\":\"https:\/\/smirnovashop.com\/wp-content\/uploads\/2024\/07\/logo-smirnova-shop.png\",\"width\":1106,\"height\":200,\"caption\":\"Smirnova Shop\"},\"image\":{\"@id\":\"https:\/\/smirnovashop.com\/ro\/#\/schema\/logo\/image\/\"},\"sameAs\":[\"https:\/\/www.instagram.com\/black_milk_fr?igsh=amlnYWFvaXdvcnp4\"]}]}<\/script>\n<!-- \/ Yoast SEO plugin. -->","yoast_head_json":{"title":"Bare Rose - Smirnova Shop","robots":{"index":"index","follow":"follow","max-snippet":"max-snippet:-1","max-image-preview":"max-image-preview:large","max-video-preview":"max-video-preview:-1"},"canonical":"https:\/\/smirnovashop.com\/en\/product\/bare-rose\/","og_locale":"en_US","og_type":"article","og_title":"Bare Rose - Smirnova Shop","og_description":"Contenance : 30 ml Fabrication : France \u26a0\ufe0f Attention : Bien m\u00e9langer avant utilisation. Conserver \u00e0 temp\u00e9rature ambiante, \u00e0 l\u2019abri de la lumi\u00e8re directe du soleil.","og_url":"https:\/\/smirnovashop.com\/en\/product\/bare-rose\/","og_site_name":"Smirnova Shop","article_modified_time":"2025-11-29T12:35:47+00:00","og_image":[{"url":"https:\/\/smirnovashop.com\/wp-content\/uploads\/2025\/11\/Bare-Rose.png","width":1200,"height":1697,"type":"image\/png"}],"twitter_card":"summary_large_image","twitter_misc":{"Est. reading time":"1 minute"},"schema":{"@context":"https:\/\/schema.org","@graph":[{"@type":"WebPage","@id":"https:\/\/smirnovashop.com\/en\/product\/bare-rose\/","url":"https:\/\/smirnovashop.com\/en\/product\/bare-rose\/","name":"Bare Rose - Smirnova Shop","isPartOf":{"@id":"https:\/\/smirnovashop.com\/ro\/#website"},"primaryImageOfPage":{"@id":"https:\/\/smirnovashop.com\/en\/product\/bare-rose\/#primaryimage"},"image":{"@id":"https:\/\/smirnovashop.com\/en\/product\/bare-rose\/#primaryimage"},"thumbnailUrl":"https:\/\/smirnovashop.com\/wp-content\/uploads\/2025\/11\/Bare-Rose.png","datePublished":"2025-11-22T11:21:19+00:00","dateModified":"2025-11-29T12:35:47+00:00","breadcrumb":{"@id":"https:\/\/smirnovashop.com\/en\/product\/bare-rose\/#breadcrumb"},"inLanguage":"en-US","potentialAction":[{"@type":"ReadAction","target":["https:\/\/smirnovashop.com\/en\/product\/bare-rose\/"]}]},{"@type":"ImageObject","inLanguage":"en-US","@id":"https:\/\/smirnovashop.com\/en\/product\/bare-rose\/#primaryimage","url":"https:\/\/smirnovashop.com\/wp-content\/uploads\/2025\/11\/Bare-Rose.png","contentUrl":"https:\/\/smirnovashop.com\/wp-content\/uploads\/2025\/11\/Bare-Rose.png","width":1414,"height":2000},{"@type":"BreadcrumbList","@id":"https:\/\/smirnovashop.com\/en\/product\/bare-rose\/#breadcrumb","itemListElement":[{"@type":"ListItem","position":1,"name":"Home","item":"https:\/\/smirnovashop.com\/ro\/"},{"@type":"ListItem","position":2,"name":"Shop","item":"https:\/\/smirnovashop.com\/ro\/shop\/"},{"@type":"ListItem","position":3,"name":"Bare Rose"}]},{"@type":"WebSite","@id":"https:\/\/smirnovashop.com\/ro\/#website","url":"https:\/\/smirnovashop.com\/ro\/","name":"Smirnova Shop","description":"","publisher":{"@id":"https:\/\/smirnovashop.com\/ro\/#organization"},"potentialAction":[{"@type":"SearchAction","target":{"@type":"EntryPoint","urlTemplate":"https:\/\/smirnovashop.com\/ro\/?s={search_term_string}"},"query-input":{"@type":"PropertyValueSpecification","valueRequired":true,"valueName":"search_term_string"}}],"inLanguage":"en-US"},{"@type":"Organization","@id":"https:\/\/smirnovashop.com\/ro\/#organization","name":"Smirnova Shop","url":"https:\/\/smirnovashop.com\/ro\/","logo":{"@type":"ImageObject","inLanguage":"en-US","@id":"https:\/\/smirnovashop.com\/ro\/#\/schema\/logo\/image\/","url":"https:\/\/smirnovashop.com\/wp-content\/uploads\/2024\/07\/logo-smirnova-shop.png","contentUrl":"https:\/\/smirnovashop.com\/wp-content\/uploads\/2024\/07\/logo-smirnova-shop.png","width":1106,"height":200,"caption":"Smirnova Shop"},"image":{"@id":"https:\/\/smirnovashop.com\/ro\/#\/schema\/logo\/image\/"},"sameAs":["https:\/\/www.instagram.com\/black_milk_fr?igsh=amlnYWFvaXdvcnp4"]}]}},"jetpack_sharing_enabled":true,"_links":{"self":[{"href":"https:\/\/smirnovashop.com\/en\/wp-json\/wp\/v2\/product\/6238","targetHints":{"allow":["GET"]}}],"collection":[{"href":"https:\/\/smirnovashop.com\/en\/wp-json\/wp\/v2\/product"}],"about":[{"href":"https:\/\/smirnovashop.com\/en\/wp-json\/wp\/v2\/types\/product"}],"version-history":[{"count":1,"href":"https:\/\/smirnovashop.com\/en\/wp-json\/wp\/v2\/product\/6238\/revisions"}],"predecessor-version":[{"id":6243,"href":"https:\/\/smirnovashop.com\/en\/wp-json\/wp\/v2\/product\/6238\/revisions\/6243"}],"wp:featuredmedia":[{"embeddable":true,"href":"https:\/\/smirnovashop.com\/en\/wp-json\/wp\/v2\/media\/6239"}],"wp:attachment":[{"href":"https:\/\/smirnovashop.com\/en\/wp-json\/wp\/v2\/media?parent=6238"}],"wp:term":[{"taxonomy":"product_brand","embeddable":true,"href":"https:\/\/smirnovashop.com\/en\/wp-json\/wp\/v2\/product_brand?post=6238"},{"taxonomy":"product_cat","embeddable":true,"href":"https:\/\/smirnovashop.com\/en\/wp-json\/wp\/v2\/product_cat?post=6238"},{"taxonomy":"product_tag","embeddable":true,"href":"https:\/\/smirnovashop.com\/en\/wp-json\/wp\/v2\/product_tag?post=6238"}],"curies":[{"name":"wp","href":"https:\/\/api.w.org\/{rel}","templated":true}]}}