{"id":5942,"date":"2025-11-05T11:42:23","date_gmt":"2025-11-05T11:42:23","guid":{"rendered":"https:\/\/smirnovashop.com\/?post_type=product&#038;p=5942"},"modified":"2026-04-04T06:58:07","modified_gmt":"2026-04-04T06:58:07","slug":"fraise-a-defoncer-pour-la-coupe","status":"publish","type":"product","link":"https:\/\/smirnovashop.com\/en\/product\/fraise-a-defoncer-pour-la-coupe\/","title":{"rendered":"Fraise \u00e0 d\u00e9foncer pour la coupe"},"content":{"rendered":"","protected":false},"excerpt":{"rendered":"<p>Fraise fine de finition int\u00e9rieure pour les retouches de modelage<\/p>\n<p>Fraise con\u00e7ue pour travailler l\u2019envers de l\u2019ongle lors du modelage, notamment en cas de d\u00e9bordement sous le repli distal.<br \/>\nElle permet un travail pr\u00e9cis et s\u00e9curis\u00e9 dans les zones sensibles, l\u00e0 o\u00f9 une finition propre est essentielle.<\/p>\n<p>Cette fraise poss\u00e8de une lame universelle en carbure de tungst\u00e8ne, soigneusement aff\u00fbt\u00e9e pour offrir un \u00e9quilibre parfait entre douceur pour la peau et efficacit\u00e9 sur les exc\u00e8s de mati\u00e8re.<\/p>","protected":false},"featured_media":5943,"template":"","meta":{"prwc_products":"","prwc_not_all_products_required":false,"prwc_not_bought_page":"","prwc_redirect_not_bought":false,"prwc_not_logged_in_page":"","prwc_redirect_not_logged_in":false,"prwc_timeout_days":0,"prwc_timeout_hours":0,"prwc_timeout_minutes":0,"prwc_timeout_seconds":0,"prwc_timeout_views":0,"_monsterinsights_skip_tracking":false,"_monsterinsights_sitenote_active":false,"_monsterinsights_sitenote_note":"","_monsterinsights_sitenote_category":0},"product_brand":[],"product_cat":[128],"product_tag":[],"class_list":{"0":"post-5942","1":"product","2":"type-product","3":"status-publish","4":"has-post-thumbnail","6":"product_cat-coupe","7":"entry","8":"has-media","10":"first","11":"instock","12":"taxable","13":"shipping-taxable","14":"purchasable","15":"product-type-simple","16":"col","17":"span_1_of_3","18":"wvn-content-left","19":"wvn-thumbs-layout-vertical","20":"wvn-btn-normal","21":"wvn-tabs-layout-horizontal","22":"has-no-thumbnails"},"yoast_head":"<!-- This site is optimized with the Yoast SEO plugin v26.6 - https:\/\/yoast.com\/wordpress\/plugins\/seo\/ -->\n<title>Fraise \u00e0 d\u00e9foncer pour la coupe - Smirnova Shop<\/title>\n<meta name=\"robots\" content=\"index, follow, max-snippet:-1, max-image-preview:large, max-video-preview:-1\" \/>\n<link rel=\"canonical\" href=\"http:\/\/smirnovashop.com\/en\/product\/fraise-a-defoncer-pour-la-coupe\/\" \/>\n<meta property=\"og:locale\" content=\"en_US\" \/>\n<meta property=\"og:type\" content=\"article\" \/>\n<meta property=\"og:title\" content=\"Fraise \u00e0 d\u00e9foncer pour la coupe - Smirnova Shop\" \/>\n<meta property=\"og:description\" content=\"Fraise fine de finition int\u00e9rieure pour les retouches de modelage  Fraise con\u00e7ue pour travailler l\u2019envers de l\u2019ongle lors du modelage, notamment en cas de d\u00e9bordement sous le repli distal. Elle permet un travail pr\u00e9cis et s\u00e9curis\u00e9 dans les zones sensibles, l\u00e0 o\u00f9 une finition propre est essentielle.  Cette fraise poss\u00e8de une lame universelle en carbure de tungst\u00e8ne, soigneusement aff\u00fbt\u00e9e pour offrir un \u00e9quilibre parfait entre douceur pour la peau et efficacit\u00e9 sur les exc\u00e8s de mati\u00e8re.\" \/>\n<meta property=\"og:url\" content=\"http:\/\/smirnovashop.com\/en\/product\/fraise-a-defoncer-pour-la-coupe\/\" \/>\n<meta property=\"og:site_name\" content=\"Smirnova Shop\" \/>\n<meta property=\"article:modified_time\" content=\"2026-04-04T06:58:07+00:00\" \/>\n<meta property=\"og:image\" content=\"http:\/\/smirnovashop.com\/wp-content\/uploads\/2025\/11\/Fraise-a-defoncer-pour-la-coupe-.png\" \/>\n\t<meta property=\"og:image:width\" content=\"1080\" \/>\n\t<meta property=\"og:image:height\" content=\"1350\" \/>\n\t<meta property=\"og:image:type\" content=\"image\/png\" \/>\n<meta name=\"twitter:card\" content=\"summary_large_image\" \/>\n<script type=\"application\/ld+json\" class=\"yoast-schema-graph\">{\"@context\":\"https:\/\/schema.org\",\"@graph\":[{\"@type\":\"WebPage\",\"@id\":\"http:\/\/smirnovashop.com\/en\/product\/fraise-a-defoncer-pour-la-coupe\/\",\"url\":\"http:\/\/smirnovashop.com\/en\/product\/fraise-a-defoncer-pour-la-coupe\/\",\"name\":\"Fraise \u00e0 d\u00e9foncer pour la coupe - Smirnova Shop\",\"isPartOf\":{\"@id\":\"https:\/\/smirnovashop.com\/ro\/#website\"},\"primaryImageOfPage\":{\"@id\":\"http:\/\/smirnovashop.com\/en\/product\/fraise-a-defoncer-pour-la-coupe\/#primaryimage\"},\"image\":{\"@id\":\"http:\/\/smirnovashop.com\/en\/product\/fraise-a-defoncer-pour-la-coupe\/#primaryimage\"},\"thumbnailUrl\":\"https:\/\/smirnovashop.com\/wp-content\/uploads\/2025\/11\/Fraise-a-defoncer-pour-la-coupe-.png\",\"datePublished\":\"2025-11-05T11:42:23+00:00\",\"dateModified\":\"2026-04-04T06:58:07+00:00\",\"breadcrumb\":{\"@id\":\"http:\/\/smirnovashop.com\/en\/product\/fraise-a-defoncer-pour-la-coupe\/#breadcrumb\"},\"inLanguage\":\"en-US\",\"potentialAction\":[{\"@type\":\"ReadAction\",\"target\":[\"http:\/\/smirnovashop.com\/en\/product\/fraise-a-defoncer-pour-la-coupe\/\"]}]},{\"@type\":\"ImageObject\",\"inLanguage\":\"en-US\",\"@id\":\"http:\/\/smirnovashop.com\/en\/product\/fraise-a-defoncer-pour-la-coupe\/#primaryimage\",\"url\":\"https:\/\/smirnovashop.com\/wp-content\/uploads\/2025\/11\/Fraise-a-defoncer-pour-la-coupe-.png\",\"contentUrl\":\"https:\/\/smirnovashop.com\/wp-content\/uploads\/2025\/11\/Fraise-a-defoncer-pour-la-coupe-.png\",\"width\":1080,\"height\":1350},{\"@type\":\"BreadcrumbList\",\"@id\":\"http:\/\/smirnovashop.com\/en\/product\/fraise-a-defoncer-pour-la-coupe\/#breadcrumb\",\"itemListElement\":[{\"@type\":\"ListItem\",\"position\":1,\"name\":\"Home\",\"item\":\"https:\/\/smirnovashop.com\/ro\/\"},{\"@type\":\"ListItem\",\"position\":2,\"name\":\"Shop\",\"item\":\"https:\/\/smirnovashop.com\/ro\/shop\/\"},{\"@type\":\"ListItem\",\"position\":3,\"name\":\"Fraise \u00e0 d\u00e9foncer pour la coupe\"}]},{\"@type\":\"WebSite\",\"@id\":\"https:\/\/smirnovashop.com\/ro\/#website\",\"url\":\"https:\/\/smirnovashop.com\/ro\/\",\"name\":\"Smirnova Shop\",\"description\":\"\",\"publisher\":{\"@id\":\"https:\/\/smirnovashop.com\/ro\/#organization\"},\"potentialAction\":[{\"@type\":\"SearchAction\",\"target\":{\"@type\":\"EntryPoint\",\"urlTemplate\":\"https:\/\/smirnovashop.com\/ro\/?s={search_term_string}\"},\"query-input\":{\"@type\":\"PropertyValueSpecification\",\"valueRequired\":true,\"valueName\":\"search_term_string\"}}],\"inLanguage\":\"en-US\"},{\"@type\":\"Organization\",\"@id\":\"https:\/\/smirnovashop.com\/ro\/#organization\",\"name\":\"Smirnova Shop\",\"url\":\"https:\/\/smirnovashop.com\/ro\/\",\"logo\":{\"@type\":\"ImageObject\",\"inLanguage\":\"en-US\",\"@id\":\"https:\/\/smirnovashop.com\/ro\/#\/schema\/logo\/image\/\",\"url\":\"https:\/\/smirnovashop.com\/wp-content\/uploads\/2024\/07\/logo-smirnova-shop.png\",\"contentUrl\":\"https:\/\/smirnovashop.com\/wp-content\/uploads\/2024\/07\/logo-smirnova-shop.png\",\"width\":1106,\"height\":200,\"caption\":\"Smirnova Shop\"},\"image\":{\"@id\":\"https:\/\/smirnovashop.com\/ro\/#\/schema\/logo\/image\/\"},\"sameAs\":[\"https:\/\/www.instagram.com\/black_milk_fr?igsh=amlnYWFvaXdvcnp4\"]}]}<\/script>\n<!-- \/ Yoast SEO plugin. -->","yoast_head_json":{"title":"Fraise \u00e0 d\u00e9foncer pour la coupe - Smirnova Shop","robots":{"index":"index","follow":"follow","max-snippet":"max-snippet:-1","max-image-preview":"max-image-preview:large","max-video-preview":"max-video-preview:-1"},"canonical":"http:\/\/smirnovashop.com\/en\/product\/fraise-a-defoncer-pour-la-coupe\/","og_locale":"en_US","og_type":"article","og_title":"Fraise \u00e0 d\u00e9foncer pour la coupe - Smirnova Shop","og_description":"Fraise fine de finition int\u00e9rieure pour les retouches de modelage  Fraise con\u00e7ue pour travailler l\u2019envers de l\u2019ongle lors du modelage, notamment en cas de d\u00e9bordement sous le repli distal. Elle permet un travail pr\u00e9cis et s\u00e9curis\u00e9 dans les zones sensibles, l\u00e0 o\u00f9 une finition propre est essentielle.  Cette fraise poss\u00e8de une lame universelle en carbure de tungst\u00e8ne, soigneusement aff\u00fbt\u00e9e pour offrir un \u00e9quilibre parfait entre douceur pour la peau et efficacit\u00e9 sur les exc\u00e8s de mati\u00e8re.","og_url":"http:\/\/smirnovashop.com\/en\/product\/fraise-a-defoncer-pour-la-coupe\/","og_site_name":"Smirnova Shop","article_modified_time":"2026-04-04T06:58:07+00:00","og_image":[{"width":1080,"height":1350,"url":"http:\/\/smirnovashop.com\/wp-content\/uploads\/2025\/11\/Fraise-a-defoncer-pour-la-coupe-.png","type":"image\/png"}],"twitter_card":"summary_large_image","schema":{"@context":"https:\/\/schema.org","@graph":[{"@type":"WebPage","@id":"http:\/\/smirnovashop.com\/en\/product\/fraise-a-defoncer-pour-la-coupe\/","url":"http:\/\/smirnovashop.com\/en\/product\/fraise-a-defoncer-pour-la-coupe\/","name":"Fraise \u00e0 d\u00e9foncer pour la coupe - Smirnova Shop","isPartOf":{"@id":"https:\/\/smirnovashop.com\/ro\/#website"},"primaryImageOfPage":{"@id":"http:\/\/smirnovashop.com\/en\/product\/fraise-a-defoncer-pour-la-coupe\/#primaryimage"},"image":{"@id":"http:\/\/smirnovashop.com\/en\/product\/fraise-a-defoncer-pour-la-coupe\/#primaryimage"},"thumbnailUrl":"https:\/\/smirnovashop.com\/wp-content\/uploads\/2025\/11\/Fraise-a-defoncer-pour-la-coupe-.png","datePublished":"2025-11-05T11:42:23+00:00","dateModified":"2026-04-04T06:58:07+00:00","breadcrumb":{"@id":"http:\/\/smirnovashop.com\/en\/product\/fraise-a-defoncer-pour-la-coupe\/#breadcrumb"},"inLanguage":"en-US","potentialAction":[{"@type":"ReadAction","target":["http:\/\/smirnovashop.com\/en\/product\/fraise-a-defoncer-pour-la-coupe\/"]}]},{"@type":"ImageObject","inLanguage":"en-US","@id":"http:\/\/smirnovashop.com\/en\/product\/fraise-a-defoncer-pour-la-coupe\/#primaryimage","url":"https:\/\/smirnovashop.com\/wp-content\/uploads\/2025\/11\/Fraise-a-defoncer-pour-la-coupe-.png","contentUrl":"https:\/\/smirnovashop.com\/wp-content\/uploads\/2025\/11\/Fraise-a-defoncer-pour-la-coupe-.png","width":1080,"height":1350},{"@type":"BreadcrumbList","@id":"http:\/\/smirnovashop.com\/en\/product\/fraise-a-defoncer-pour-la-coupe\/#breadcrumb","itemListElement":[{"@type":"ListItem","position":1,"name":"Home","item":"https:\/\/smirnovashop.com\/ro\/"},{"@type":"ListItem","position":2,"name":"Shop","item":"https:\/\/smirnovashop.com\/ro\/shop\/"},{"@type":"ListItem","position":3,"name":"Fraise \u00e0 d\u00e9foncer pour la coupe"}]},{"@type":"WebSite","@id":"https:\/\/smirnovashop.com\/ro\/#website","url":"https:\/\/smirnovashop.com\/ro\/","name":"Smirnova Shop","description":"","publisher":{"@id":"https:\/\/smirnovashop.com\/ro\/#organization"},"potentialAction":[{"@type":"SearchAction","target":{"@type":"EntryPoint","urlTemplate":"https:\/\/smirnovashop.com\/ro\/?s={search_term_string}"},"query-input":{"@type":"PropertyValueSpecification","valueRequired":true,"valueName":"search_term_string"}}],"inLanguage":"en-US"},{"@type":"Organization","@id":"https:\/\/smirnovashop.com\/ro\/#organization","name":"Smirnova Shop","url":"https:\/\/smirnovashop.com\/ro\/","logo":{"@type":"ImageObject","inLanguage":"en-US","@id":"https:\/\/smirnovashop.com\/ro\/#\/schema\/logo\/image\/","url":"https:\/\/smirnovashop.com\/wp-content\/uploads\/2024\/07\/logo-smirnova-shop.png","contentUrl":"https:\/\/smirnovashop.com\/wp-content\/uploads\/2024\/07\/logo-smirnova-shop.png","width":1106,"height":200,"caption":"Smirnova Shop"},"image":{"@id":"https:\/\/smirnovashop.com\/ro\/#\/schema\/logo\/image\/"},"sameAs":["https:\/\/www.instagram.com\/black_milk_fr?igsh=amlnYWFvaXdvcnp4"]}]}},"jetpack_sharing_enabled":true,"_links":{"self":[{"href":"https:\/\/smirnovashop.com\/en\/wp-json\/wp\/v2\/product\/5942","targetHints":{"allow":["GET"]}}],"collection":[{"href":"https:\/\/smirnovashop.com\/en\/wp-json\/wp\/v2\/product"}],"about":[{"href":"https:\/\/smirnovashop.com\/en\/wp-json\/wp\/v2\/types\/product"}],"version-history":[{"count":1,"href":"https:\/\/smirnovashop.com\/en\/wp-json\/wp\/v2\/product\/5942\/revisions"}],"predecessor-version":[{"id":5944,"href":"https:\/\/smirnovashop.com\/en\/wp-json\/wp\/v2\/product\/5942\/revisions\/5944"}],"wp:featuredmedia":[{"embeddable":true,"href":"https:\/\/smirnovashop.com\/en\/wp-json\/wp\/v2\/media\/5943"}],"wp:attachment":[{"href":"https:\/\/smirnovashop.com\/en\/wp-json\/wp\/v2\/media?parent=5942"}],"wp:term":[{"taxonomy":"product_brand","embeddable":true,"href":"https:\/\/smirnovashop.com\/en\/wp-json\/wp\/v2\/product_brand?post=5942"},{"taxonomy":"product_cat","embeddable":true,"href":"https:\/\/smirnovashop.com\/en\/wp-json\/wp\/v2\/product_cat?post=5942"},{"taxonomy":"product_tag","embeddable":true,"href":"https:\/\/smirnovashop.com\/en\/wp-json\/wp\/v2\/product_tag?post=5942"}],"curies":[{"name":"wp","href":"https:\/\/api.w.org\/{rel}","templated":true}]}}